{"id":1625,"date":"2019-12-01T15:42:55","date_gmt":"2019-12-01T14:42:55","guid":{"rendered":"http:\/\/paris-driver-company.com\/?page_id=1625"},"modified":"2019-12-19T12:49:58","modified_gmt":"2019-12-19T11:49:58","slug":"notre-flotte","status":"publish","type":"page","link":"https:\/\/paris-driver-company.com\/en\/notre-flotte\/","title":{"rendered":"Our car fleet"},"content":{"rendered":"<figure class=\"wp-block-gallery columns-3 is-cropped wp-block-gallery-3 is-layout-flex\"><ul class=\"blocks-gallery-grid\"><li class=\"blocks-gallery-item\"><figure><img loading=\"lazy\" decoding=\"async\" width=\"600\" height=\"380\" src=\"https:\/\/paris-driver-company.com\/wp-content\/uploads\/2019\/11\/vito-droite-600x380.png\" alt=\"Mercedes Van\" data-id=\"1491\" data-full-url=\"https:\/\/paris-driver-company.com\/wp-content\/uploads\/2019\/11\/vito-droite-600x380.png\" data-link=\"https:\/\/paris-driver-company.com\/vito-droite-600x380\/\" class=\"wp-image-1491\" srcset=\"https:\/\/paris-driver-company.com\/wp-content\/uploads\/2019\/11\/vito-droite-600x380.png 600w, https:\/\/paris-driver-company.com\/wp-content\/uploads\/2019\/11\/vito-droite-600x380-300x190.png 300w\" sizes=\"(max-width: 600px) 100vw, 600px\" \/><figcaption class=\"blocks-gallery-item__caption\">Mercedes Van<\/figcaption><\/figure><\/li><li class=\"blocks-gallery-item\"><figure><img loading=\"lazy\" decoding=\"async\" width=\"600\" height=\"400\" src=\"https:\/\/paris-driver-company.com\/wp-content\/uploads\/2019\/12\/Mercedes-classe-S-1.png\" alt=\"Mercedes classe S\" data-id=\"1610\" data-full-url=\"https:\/\/paris-driver-company.com\/wp-content\/uploads\/2019\/12\/Mercedes-classe-S-1.png\" data-link=\"https:\/\/paris-driver-company.com\/mercedes-classe-s-2\/\" class=\"wp-image-1610\" srcset=\"https:\/\/paris-driver-company.com\/wp-content\/uploads\/2019\/12\/Mercedes-classe-S-1.png 600w, https:\/\/paris-driver-company.com\/wp-content\/uploads\/2019\/12\/Mercedes-classe-S-1-300x200.png 300w\" sizes=\"(max-width: 600px) 100vw, 600px\" \/><figcaption class=\"blocks-gallery-item__caption\">Mercedes classe S\r\n<\/figcaption><\/figure><\/li><li class=\"blocks-gallery-item\"><figure><img loading=\"lazy\" decoding=\"async\" width=\"600\" height=\"400\" src=\"https:\/\/paris-driver-company.com\/wp-content\/uploads\/2019\/12\/Mercedes-classe-E.png\" alt=\"Mercedes classe E\" data-id=\"1856\" data-full-url=\"https:\/\/paris-driver-company.com\/wp-content\/uploads\/2019\/12\/Mercedes-classe-E.png\" data-link=\"https:\/\/paris-driver-company.com\/mercedes-classe-e-2\/\" class=\"wp-image-1856\" srcset=\"https:\/\/paris-driver-company.com\/wp-content\/uploads\/2019\/12\/Mercedes-classe-E.png 600w, https:\/\/paris-driver-company.com\/wp-content\/uploads\/2019\/12\/Mercedes-classe-E-300x200.png 300w\" sizes=\"(max-width: 600px) 100vw, 600px\" \/><figcaption class=\"blocks-gallery-item__caption\">Mercedes classe E<\/figcaption><\/figure><\/li><\/ul><\/figure>\r\n\r\n\r\n\r\n<figure class=\"wp-block-table is-style-regular\"><table class=\"\"><tbody><tr><td class=\"has-text-align-center\" data-align=\"center\"><strong>Van<\/strong><\/td><td class=\"has-text-align-center\" data-align=\"center\"><strong> Sedan Luxe<\/strong><\/td><td class=\"has-text-align-center\" data-align=\"center\">  <strong> Sedan \u00c9co<\/strong><\/td><\/tr><tr><td class=\"has-text-align-center\" data-align=\"center\">Mercedes Van<\/td><td class=\"has-text-align-center\" data-align=\"center\"> Mercedes classe S<\/td><td class=\"has-text-align-center\" data-align=\"center\">Mercedes classe E <\/td><\/tr><tr><td class=\"has-text-align-center\" data-align=\"center\">  7 passengers<\/td><td class=\"has-text-align-center\" data-align=\"center\"> 2 passengers<\/td><td class=\"has-text-align-center\" data-align=\"center\"> 4 passengers<\/td><\/tr><tr><td class=\"has-text-align-center\" data-align=\"center\">7 baggages<\/td><td class=\"has-text-align-center\" data-align=\"center\"> 2\/3 baggages<\/td><td class=\"has-text-align-center\" data-align=\"center\">  2\/3 baggages<\/td><\/tr><\/tbody><\/table><\/figure>","protected":false},"excerpt":{"rendered":"<p>Van Sedan Luxe Sedan \u00c9co Mercedes Van Mercedes classe S Mercedes classe E 7 passengers 2 passengers 4 passengers 7 baggages 2\/3 baggages 2\/3 baggages<\/p>\n","protected":false},"author":1,"featured_media":0,"parent":0,"menu_order":0,"comment_status":"closed","ping_status":"closed","template":"template-fullwidth.php","meta":[],"yoast_head":"<!-- This site is optimized with the Yoast SEO plugin v20.10 - https:\/\/yoast.com\/wordpress\/plugins\/seo\/ -->\n<title>Our car fleet - Paris Driver Company<\/title>\n<meta name=\"robots\" content=\"index, follow, max-snippet:-1, max-image-preview:large, max-video-preview:-1\" \/>\n<link rel=\"canonical\" href=\"https:\/\/paris-driver-company.com\/notre-flotte\/\" \/>\n<meta property=\"og:locale\" content=\"en_US\" \/>\n<meta property=\"og:type\" content=\"article\" \/>\n<meta property=\"og:title\" content=\"Our car fleet - Paris Driver Company\" \/>\n<meta property=\"og:description\" content=\"Van Sedan Luxe Sedan \u00c9co Mercedes Van Mercedes classe S Mercedes classe E 7 passengers 2 passengers 4 passengers 7 baggages 2\/3 baggages 2\/3 baggages\" \/>\n<meta property=\"og:url\" content=\"https:\/\/paris-driver-company.com\/notre-flotte\/\" \/>\n<meta property=\"og:site_name\" content=\"Paris Driver Company\" \/>\n<meta property=\"article:modified_time\" content=\"2019-12-19T11:49:58+00:00\" \/>\n<meta property=\"og:image\" content=\"https:\/\/paris-driver-company.com\/wp-content\/uploads\/2019\/11\/vito-droite-600x380.png\" \/>\n<meta name=\"twitter:card\" content=\"summary_large_image\" \/>\n<script type=\"application\/ld+json\" class=\"yoast-schema-graph\">{\"@context\":\"https:\/\/schema.org\",\"@graph\":[{\"@type\":\"WebPage\",\"@id\":\"https:\/\/paris-driver-company.com\/notre-flotte\/\",\"url\":\"https:\/\/paris-driver-company.com\/notre-flotte\/\",\"name\":\"Our car fleet - Paris Driver Company\",\"isPartOf\":{\"@id\":\"https:\/\/paris-driver-company.com\/#website\"},\"datePublished\":\"2019-12-01T14:42:55+00:00\",\"dateModified\":\"2019-12-19T11:49:58+00:00\",\"breadcrumb\":{\"@id\":\"https:\/\/paris-driver-company.com\/notre-flotte\/#breadcrumb\"},\"inLanguage\":\"en-US\",\"potentialAction\":[{\"@type\":\"ReadAction\",\"target\":[\"https:\/\/paris-driver-company.com\/notre-flotte\/\"]}]},{\"@type\":\"BreadcrumbList\",\"@id\":\"https:\/\/paris-driver-company.com\/notre-flotte\/#breadcrumb\",\"itemListElement\":[{\"@type\":\"ListItem\",\"position\":1,\"name\":\"Accueil\",\"item\":\"https:\/\/paris-driver-company.com\/\"},{\"@type\":\"ListItem\",\"position\":2,\"name\":\"Notre flotte\"}]},{\"@type\":\"WebSite\",\"@id\":\"https:\/\/paris-driver-company.com\/#website\",\"url\":\"https:\/\/paris-driver-company.com\/\",\"name\":\"Paris Driver Company\",\"description\":\"Bienvenue \u00e0 bord ! Bas\u00e9 \u00e0 Paris, nous sommes sp\u00e9cialis\u00e9s dans le transport de personnes avec chauffeur (VTC). Notre savoir-faire depuis 10 ans et notre professionnalisme sont les atouts de notre soci\u00e9t\u00e9.\",\"publisher\":{\"@id\":\"https:\/\/paris-driver-company.com\/#organization\"},\"potentialAction\":[{\"@type\":\"SearchAction\",\"target\":{\"@type\":\"EntryPoint\",\"urlTemplate\":\"https:\/\/paris-driver-company.com\/?s={search_term_string}\"},\"query-input\":\"required name=search_term_string\"}],\"inLanguage\":\"en-US\"},{\"@type\":\"Organization\",\"@id\":\"https:\/\/paris-driver-company.com\/#organization\",\"name\":\"paris driver company\",\"url\":\"https:\/\/paris-driver-company.com\/\",\"logo\":{\"@type\":\"ImageObject\",\"inLanguage\":\"en-US\",\"@id\":\"https:\/\/paris-driver-company.com\/#\/schema\/logo\/image\/\",\"url\":\"https:\/\/paris-driver-company.com\/wp-content\/uploads\/2019\/12\/logoPDC-11.jpg\",\"contentUrl\":\"https:\/\/paris-driver-company.com\/wp-content\/uploads\/2019\/12\/logoPDC-11.jpg\",\"width\":315,\"height\":65,\"caption\":\"paris driver company\"},\"image\":{\"@id\":\"https:\/\/paris-driver-company.com\/#\/schema\/logo\/image\/\"}}]}<\/script>\n<!-- \/ Yoast SEO plugin. -->","yoast_head_json":{"title":"Our car fleet - Paris Driver Company","robots":{"index":"index","follow":"follow","max-snippet":"max-snippet:-1","max-image-preview":"max-image-preview:large","max-video-preview":"max-video-preview:-1"},"canonical":"https:\/\/paris-driver-company.com\/notre-flotte\/","og_locale":"en_US","og_type":"article","og_title":"Our car fleet - Paris Driver Company","og_description":"Van Sedan Luxe Sedan \u00c9co Mercedes Van Mercedes classe S Mercedes classe E 7 passengers 2 passengers 4 passengers 7 baggages 2\/3 baggages 2\/3 baggages","og_url":"https:\/\/paris-driver-company.com\/notre-flotte\/","og_site_name":"Paris Driver Company","article_modified_time":"2019-12-19T11:49:58+00:00","og_image":[{"url":"https:\/\/paris-driver-company.com\/wp-content\/uploads\/2019\/11\/vito-droite-600x380.png"}],"twitter_card":"summary_large_image","schema":{"@context":"https:\/\/schema.org","@graph":[{"@type":"WebPage","@id":"https:\/\/paris-driver-company.com\/notre-flotte\/","url":"https:\/\/paris-driver-company.com\/notre-flotte\/","name":"Our car fleet - Paris Driver Company","isPartOf":{"@id":"https:\/\/paris-driver-company.com\/#website"},"datePublished":"2019-12-01T14:42:55+00:00","dateModified":"2019-12-19T11:49:58+00:00","breadcrumb":{"@id":"https:\/\/paris-driver-company.com\/notre-flotte\/#breadcrumb"},"inLanguage":"en-US","potentialAction":[{"@type":"ReadAction","target":["https:\/\/paris-driver-company.com\/notre-flotte\/"]}]},{"@type":"BreadcrumbList","@id":"https:\/\/paris-driver-company.com\/notre-flotte\/#breadcrumb","itemListElement":[{"@type":"ListItem","position":1,"name":"Accueil","item":"https:\/\/paris-driver-company.com\/"},{"@type":"ListItem","position":2,"name":"Notre flotte"}]},{"@type":"WebSite","@id":"https:\/\/paris-driver-company.com\/#website","url":"https:\/\/paris-driver-company.com\/","name":"Paris Driver Company","description":"Bienvenue \u00e0 bord ! Bas\u00e9 \u00e0 Paris, nous sommes sp\u00e9cialis\u00e9s dans le transport de personnes avec chauffeur (VTC). Notre savoir-faire depuis 10 ans et notre professionnalisme sont les atouts de notre soci\u00e9t\u00e9.","publisher":{"@id":"https:\/\/paris-driver-company.com\/#organization"},"potentialAction":[{"@type":"SearchAction","target":{"@type":"EntryPoint","urlTemplate":"https:\/\/paris-driver-company.com\/?s={search_term_string}"},"query-input":"required name=search_term_string"}],"inLanguage":"en-US"},{"@type":"Organization","@id":"https:\/\/paris-driver-company.com\/#organization","name":"paris driver company","url":"https:\/\/paris-driver-company.com\/","logo":{"@type":"ImageObject","inLanguage":"en-US","@id":"https:\/\/paris-driver-company.com\/#\/schema\/logo\/image\/","url":"https:\/\/paris-driver-company.com\/wp-content\/uploads\/2019\/12\/logoPDC-11.jpg","contentUrl":"https:\/\/paris-driver-company.com\/wp-content\/uploads\/2019\/12\/logoPDC-11.jpg","width":315,"height":65,"caption":"paris driver company"},"image":{"@id":"https:\/\/paris-driver-company.com\/#\/schema\/logo\/image\/"}}]}},"_links":{"self":[{"href":"https:\/\/paris-driver-company.com\/en\/wp-json\/wp\/v2\/pages\/1625"}],"collection":[{"href":"https:\/\/paris-driver-company.com\/en\/wp-json\/wp\/v2\/pages"}],"about":[{"href":"https:\/\/paris-driver-company.com\/en\/wp-json\/wp\/v2\/types\/page"}],"author":[{"embeddable":true,"href":"https:\/\/paris-driver-company.com\/en\/wp-json\/wp\/v2\/users\/1"}],"replies":[{"embeddable":true,"href":"https:\/\/paris-driver-company.com\/en\/wp-json\/wp\/v2\/comments?post=1625"}],"version-history":[{"count":20,"href":"https:\/\/paris-driver-company.com\/en\/wp-json\/wp\/v2\/pages\/1625\/revisions"}],"predecessor-version":[{"id":2087,"href":"https:\/\/paris-driver-company.com\/en\/wp-json\/wp\/v2\/pages\/1625\/revisions\/2087"}],"wp:attachment":[{"href":"https:\/\/paris-driver-company.com\/en\/wp-json\/wp\/v2\/media?parent=1625"}],"curies":[{"name":"wp","href":"https:\/\/api.w.org\/{rel}","templated":true}]}}